{"id":331,"date":"2020-06-02T14:17:57","date_gmt":"2020-06-02T14:17:57","guid":{"rendered":"https:\/\/www.jevousseconde.fr\/?page_id=331"},"modified":"2020-06-02T14:21:47","modified_gmt":"2020-06-02T14:21:47","slug":"conditions-generales","status":"publish","type":"page","link":"https:\/\/www.jevousseconde.fr\/?page_id=331","title":{"rendered":"Conditions G\u00e9n\u00e9rales"},"content":{"rendered":"\n<a  data-e-Disable-Page-Transition=\"true\" class=\"download-link download-button aligncenter\" title=\"\" href=\"https:\/\/www.jevousseconde.fr?download=302&amp;tmstv=1776142360\" rel=\"nofollow\" id=\"download-link-302\" data-redirect=\"false\" >\n\tT\u00e9l\u00e9charger &ldquo;CGU&rdquo;\t<small>CGU-Conditions-g\u00e9n\u00e9rales-dutilisation.pdf\t\t&ndash; T\u00e9l\u00e9charg\u00e9 1182 fois\t\t&ndash; 44,39 Ko<\/small>\n<\/a>\n\n\n\n<a  data-e-Disable-Page-Transition=\"true\" class=\"download-link download-button aligncenter\" title=\"\" href=\"https:\/\/www.jevousseconde.fr?download=315&amp;tmstv=1776142360\" rel=\"nofollow\" id=\"download-link-315\" data-redirect=\"false\" >\n\tT\u00e9l\u00e9charger &ldquo;CGV &#8211; Vente aux professionnels&rdquo;\t<small>CGV-_-produits-pour-les-professionnels-1.pdf\t\t&ndash; T\u00e9l\u00e9charg\u00e9 1183 fois\t\t&ndash; 57,80 Ko<\/small>\n<\/a>\n\n\n\n<a  data-e-Disable-Page-Transition=\"true\" class=\"download-link download-button aligncenter\" title=\"\" href=\"https:\/\/www.jevousseconde.fr?download=307&amp;tmstv=1776142360\" rel=\"nofollow\" id=\"download-link-307\" data-redirect=\"false\" >\n\tT\u00e9l\u00e9charger &ldquo;CGV &#8211; Prestations de services aux Professionnels&rdquo;\t<small>CGV-prestations-de-services-en-ligne-entre-professionnels-1.pdf\t\t&ndash; T\u00e9l\u00e9charg\u00e9 1197 fois\t\t&ndash; 60,87 Ko<\/small>\n<\/a>\n\n\n\n<a  data-e-Disable-Page-Transition=\"true\" class=\"download-link download-button aligncenter\" title=\"\" href=\"https:\/\/www.jevousseconde.fr?download=317&amp;tmstv=1776142360\" rel=\"nofollow\" id=\"download-link-317\" data-redirect=\"false\" >\n\tT\u00e9l\u00e9charger &ldquo;CGV &#8211; Vente aux particuliers&rdquo;\t<small>CGV-prestations-de-services-en-ligne-pour-les-particuliers.pdf\t\t&ndash; T\u00e9l\u00e9charg\u00e9 1117 fois\t\t&ndash; 52,87 Ko<\/small>\n<\/a>\n\n\n\n<a  data-e-Disable-Page-Transition=\"true\" class=\"download-link download-button aligncenter\" title=\"\" href=\"https:\/\/www.jevousseconde.fr?download=313&amp;tmstv=1776142360\" rel=\"nofollow\" id=\"download-link-313\" data-redirect=\"false\" >\n\tT\u00e9l\u00e9charger &ldquo;CGV &#8211; Prestations de services aux particuliers&rdquo;\t<small>CGV-prestations-de-services-en-ligne-pour-les-particuliers.pdf\t\t&ndash; T\u00e9l\u00e9charg\u00e9 1149 fois\t\t&ndash; 52,87 Ko<\/small>\n<\/a>\n","protected":false},"excerpt":{"rendered":"","protected":false},"author":1,"featured_media":0,"parent":0,"menu_order":0,"comment_status":"closed","ping_status":"closed","template":"","meta":{"footnotes":""},"class_list":["post-331","page","type-page","status-publish","hentry"],"_links":{"self":[{"href":"https:\/\/www.jevousseconde.fr\/index.php?rest_route=\/wp\/v2\/pages\/331","targetHints":{"allow":["GET"]}}],"collection":[{"href":"https:\/\/www.jevousseconde.fr\/index.php?rest_route=\/wp\/v2\/pages"}],"about":[{"href":"https:\/\/www.jevousseconde.fr\/index.php?rest_route=\/wp\/v2\/types\/page"}],"author":[{"embeddable":true,"href":"https:\/\/www.jevousseconde.fr\/index.php?rest_route=\/wp\/v2\/users\/1"}],"replies":[{"embeddable":true,"href":"https:\/\/www.jevousseconde.fr\/index.php?rest_route=%2Fwp%2Fv2%2Fcomments&post=331"}],"version-history":[{"count":2,"href":"https:\/\/www.jevousseconde.fr\/index.php?rest_route=\/wp\/v2\/pages\/331\/revisions"}],"predecessor-version":[{"id":334,"href":"https:\/\/www.jevousseconde.fr\/index.php?rest_route=\/wp\/v2\/pages\/331\/revisions\/334"}],"wp:attachment":[{"href":"https:\/\/www.jevousseconde.fr\/index.php?rest_route=%2Fwp%2Fv2%2Fmedia&parent=331"}],"curies":[{"name":"wp","href":"https:\/\/api.w.org\/{rel}","templated":true}]}}